{"id":1776,"date":"2020-05-29T17:07:50","date_gmt":"2020-05-29T15:07:50","guid":{"rendered":"https:\/\/www.restaurantnoucasino.com\/?page_id=1776"},"modified":"2025-08-28T23:34:48","modified_gmt":"2025-08-28T21:34:48","slug":"avis-legal","status":"publish","type":"page","link":"https:\/\/www.restaurantnoucasino.com\/fr\/avis-legal\/","title":{"rendered":"Avertissement l\u00e9gal"},"content":{"rendered":"<h4>Informations sur le respect de l'article 10 de la LSSI<\/h4>\n<h3>Le propri\u00e9taire de ce site Web est:<\/h3>\n<p>Identit\u00e9:\u00a0<strong>Ramon Brujats Torres (Restaurant Nou Casino)<\/strong>.<br \/>\nNIF: <strong>40520450Q<\/strong><br \/>\nAdresse: <strong>Passeig dels Gu\u00edxols, 1. 17220 Sant Feliu de Gu\u00edxols | Girona.<br \/>\n<\/strong>T\u00e9l\u00e9phone: <strong>972 32 73 72<br \/>\n<\/strong>E-mail<strong>:<\/strong> <a href=\"mailto:ramonbt666@hotmail.com\"><strong>ramonbt666@hotmail.com<\/strong><\/a><\/p>\n<h3>Conditions d'utilisation<\/h3>\n<p style=\"text-align: justify;\">L'utilisation de ce site web implique l'acceptation pleine et enti\u00e8re des termes et conditions des pr\u00e9sentes mentions l\u00e9gales. Tout conflit \u00e9ventuel relatif \u00e0 ce site web sera exclusivement r\u00e9gi par le droit espagnol. Tout utilisateur du site web, quelle que soit la juridiction territoriale d'o\u00f9 il acc\u00e8de, accepte le respect des pr\u00e9sentes clauses et renonce express\u00e9ment \u00e0 toute autre juridiction qui pourrait lui \u00eatre applicable.<\/p>\n<h3>Propri\u00e9t\u00e9 intellectuelle et industrielle<\/h3>\n<p style=\"text-align: justify;\">L'ensemble du contenu de ce site web, qu'il s'agisse de textes, d'images, de sons, de marques, de logos ou d'autres \u00e9l\u00e9ments, ainsi que la structure, le design, les combinaisons de couleurs ou la pr\u00e9sentation des documents, sont prot\u00e9g\u00e9s par des droits de propri\u00e9t\u00e9 industrielle et intellectuelle que l'utilisateur de ce site web est tenu de respecter. Toute transformation, alt\u00e9ration, communication publique ou toute autre forme d'exploitation, par quelque proc\u00e9d\u00e9 que ce soit, est interdite sans l'autorisation expresse de <strong>Restaurant Nou Casino<\/strong>.<\/p>\n<h3>Responsabilit\u00e9 du contenu<\/h3>\n<p style=\"text-align: justify;\">Bien que\u00a0<strong>Restaurant Nou Casino<\/strong> agit avec la plus grande diligence possible, il peut arriver que certaines donn\u00e9es ou informations ne soient pas compl\u00e8tement mises \u00e0 jour au moment o\u00f9 l'utilisateur du site les consulte. Par cons\u00e9quent, les informations pr\u00e9sent\u00e9es sur ce site web ont une fonction d'orientation et n'obligent pas <strong>Restaurant Nou Casino<\/strong>.<\/p>\n<p style=\"text-align: justify;\"><strong>Restaurant Nou Casino<\/strong>\u00a0ne sera pas responsable des informations qui peuvent \u00eatre obtenues via les liens inclus sur son site Web.<\/p>\n<p style=\"text-align: justify;\"><strong>Restaurant Nou Casino<\/strong>\u00a0se r\u00e9serve le droit d'apporter, \u00e0 tout moment et sans pr\u00e9avis, des modifications ou des mises \u00e0 jour aux informations et \u00e0 l'un des \u00e9l\u00e9ments qui composent la conception et la configuration du site Web.<\/p>\n<h3>Loi applicable et juridiction<\/h3>\n<p style=\"text-align: justify;\">L'utilisation de ce site web implique l'acceptation pleine et enti\u00e8re des termes et conditions \u00e9nonc\u00e9s dans les pr\u00e9sentes mentions l\u00e9gales. Tout conflit \u00e9ventuel relatif \u00e0 ce site web sera exclusivement r\u00e9gi par la l\u00e9gislation espagnole, les tribunaux espagnols \u00e9tant comp\u00e9tents pour conna\u00eetre de toute question pouvant en d\u00e9couler. L'utilisateur, par son acceptation, renonce express\u00e9ment \u00e0 toute juridiction qui pourrait lui \u00eatre applicable en vertu du Code de proc\u00e9dure civile en vigueur.<\/p>","protected":false},"excerpt":{"rendered":"<p>Informaci\u00f3 de Conformitat amb l&#8217;article 10 de la LSSI El titular d&#8217;aquesta web \u00e9s: Identitat:\u00a0Ramon Brujats Torres (Restaurant Nou Casino). NIF: 40520450Q Adre\u00e7a: Passeig dels Gu\u00edxols, 1. 17220 Sant Feliu de Gu\u00edxols | Girona. Tel\u00e8fon: 972 32 73 72 Correu electr\u00f2nic: ramonbt666@hotmail.com Condicions d&#8217;\u00fas L&#8217;\u00fas d&#8217;aquest web implica l&#8217;acceptaci\u00f3 plena dels termes i condicions del<br \/><a class=\"moretag\" href=\"https:\/\/www.restaurantnoucasino.com\/fr\/avis-legal\/\">+ Read More<\/a><\/p>","protected":false},"author":1,"featured_media":4334,"parent":0,"menu_order":0,"comment_status":"closed","ping_status":"closed","template":"templates\/page-fullwidth_template.php","meta":{"footnotes":""},"class_list":["post-1776","page","type-page","status-publish","has-post-thumbnail","hentry"],"_links":{"self":[{"href":"https:\/\/www.restaurantnoucasino.com\/fr\/wp-json\/wp\/v2\/pages\/1776","targetHints":{"allow":["GET"]}}],"collection":[{"href":"https:\/\/www.restaurantnoucasino.com\/fr\/wp-json\/wp\/v2\/pages"}],"about":[{"href":"https:\/\/www.restaurantnoucasino.com\/fr\/wp-json\/wp\/v2\/types\/page"}],"author":[{"embeddable":true,"href":"https:\/\/www.restaurantnoucasino.com\/fr\/wp-json\/wp\/v2\/users\/1"}],"replies":[{"embeddable":true,"href":"https:\/\/www.restaurantnoucasino.com\/fr\/wp-json\/wp\/v2\/comments?post=1776"}],"version-history":[{"count":1,"href":"https:\/\/www.restaurantnoucasino.com\/fr\/wp-json\/wp\/v2\/pages\/1776\/revisions"}],"predecessor-version":[{"id":4336,"href":"https:\/\/www.restaurantnoucasino.com\/fr\/wp-json\/wp\/v2\/pages\/1776\/revisions\/4336"}],"wp:featuredmedia":[{"embeddable":true,"href":"https:\/\/www.restaurantnoucasino.com\/fr\/wp-json\/wp\/v2\/media\/4334"}],"wp:attachment":[{"href":"https:\/\/www.restaurantnoucasino.com\/fr\/wp-json\/wp\/v2\/media?parent=1776"}],"curies":[{"name":"wp","href":"https:\/\/api.w.org\/{rel}","templated":true}]}}